{"id":1306,"date":"2024-06-04T08:04:59","date_gmt":"2024-06-04T08:04:59","guid":{"rendered":"https:\/\/cheffelo.com\/notering-pa-first-north\/"},"modified":"2025-10-01T16:11:10","modified_gmt":"2025-10-01T14:11:10","slug":"ipo-on-first-north","status":"publish","type":"page","link":"https:\/\/cheffelo.com\/en\/ipo-on-first-north\/","title":{"rendered":"IPO on First North"},"content":{"rendered":"[vc_row type=&#8221;in_container&#8221; full_screen_row_position=&#8221;middle&#8221; column_margin=&#8221;default&#8221; column_direction=&#8221;default&#8221; column_direction_tablet=&#8221;default&#8221; column_direction_phone=&#8221;default&#8221; scene_position=&#8221;center&#8221; text_color=&#8221;dark&#8221; text_align=&#8221;left&#8221; row_border_radius=&#8221;none&#8221; row_border_radius_applies=&#8221;bg&#8221; overflow=&#8221;visible&#8221; overlay_strength=&#8221;0.3&#8243; gradient_direction=&#8221;left_to_right&#8221; shape_divider_position=&#8221;bottom&#8221; bg_image_animation=&#8221;none&#8221;][vc_column column_padding=&#8221;no-extra-padding&#8221; column_padding_tablet=&#8221;inherit&#8221; column_padding_phone=&#8221;inherit&#8221; column_padding_position=&#8221;all&#8221; column_element_direction_desktop=&#8221;default&#8221; column_element_spacing=&#8221;default&#8221; desktop_text_alignment=&#8221;default&#8221; tablet_text_alignment=&#8221;default&#8221; phone_text_alignment=&#8221;default&#8221; background_color_opacity=&#8221;1&#8243; background_hover_color_opacity=&#8221;1&#8243; column_backdrop_filter=&#8221;none&#8221; column_shadow=&#8221;none&#8221; column_border_radius=&#8221;none&#8221; column_link_target=&#8221;_self&#8221; column_position=&#8221;default&#8221; gradient_direction=&#8221;left_to_right&#8221; overlay_strength=&#8221;0.3&#8243; width=&#8221;1\/1&#8243; tablet_width_inherit=&#8221;default&#8221; animation_type=&#8221;default&#8221; bg_image_animation=&#8221;none&#8221; border_type=&#8221;simple&#8221; column_border_width=&#8221;none&#8221; column_border_style=&#8221;solid&#8221;][split_line_heading animation_type=&#8221;line-reveal-by-space&#8221; font_style=&#8221;h1&#8243; text_color=&#8221;#e56962&#8243; line_reveal_by_space_text_effect=&#8221;default&#8221; content_alignment=&#8221;default&#8221; mobile_content_alignment=&#8221;inherit&#8221; link_target=&#8221;_self&#8221; text_content=&#8221;IPO on First North&#8221; font_size=&#8221;2.2vw&#8221; text_direction=&#8221;default&#8221;][\/split_line_heading]<div id=\"disclaimer-step-one\">\n  <label for=\"disclaimer-country\">Ange landet d\u00e4r du bor: <\/label>\n  <select id=\"disclaimer-country\">\n    <option selected=\"\" disabled=\"\" value=\"\">V\u00e4lj land<\/option>\n    <option value=\"AU\">Australien<\/option>\n    <option value=\"CA\">Kanada<\/option>\n    <option value=\"NZ\">Nya Zeeland<\/option>\n    <option value=\"EEAQI\">EEA (Qualified Investor)<\/option>\n    <option value=\"EEANQI\">EEA (not a Qualified Investor)<\/option>\n    <option value=\"HK\">Hong Kong<\/option>\n    <option value=\"JP\">Japan<\/option>\n    <option value=\"UKQIRP\">United Kingdom (Qualified Investor and Relevant Person)<\/option>\n    <option value=\"UKNQIRP\">United Kingdom (not a Qualified Investor or not a Relevant Person)<\/option>\n    <option value=\"US\">USA<\/option>\n    <option value=\"SE\">Sverige<\/option>\n    <option value=\"OTHER\">\u00d6vriga l\u00e4nder<\/option>\n  <\/select>\n  <div id=\"disclaimer-country-error\">Du m\u00e5ste ange val<\/div>\n  <button id=\"mfn-submit-step-one\" class=\"btn\" type=\"submit\">Skicka<\/button>\n<\/div>\n<div id=\"disclaimer-step-error\" style=\"display: none\">\n  <p>Tillg\u00e5ng till informationen p\u00e5 denna del av webbplatsen \u00e4r begr\u00e4nsad och f\u00e5r inte publiceras, distribueras eller offentligg\u00f6ras, direkt eller indirekt, helt eller delvis, i eller till Australien, Japan, Kanada, USA (inklusive dess territorium och \u00e4gor, samt delstater i USA och Columbiadistriktet (\"USA\")), Sydafrika eller n\u00e5gon annan jurisdiktion d\u00e4r ett en s\u00e5dant agerande kan bryta mot lokal v\u00e4rdepapperslagstiftning i s\u00e5dan jurisdiktion.<\/p>\n<\/div>\n<div id=\"disclaimer-step-two\" style=\"display: none\">\n  <p>Informationen p\u00e5 denna del av webbplatsen \u00e4r inte avsedd f\u00f6r och f\u00e5r inte, direkt eller indirekt, helt eller delvis, publiceras eller distribueras eller spridas till personer som bor eller befinner sig i Australien, Japan, Kanada, USA (inklusive dess territorium och \u00e4gor, samt delstater i USA och Columbiadistriktet (&#8220;USA&#8221;)), Sydafrika eller n\u00e5gon annan jurisdiktion d\u00e4r s\u00e5dan \u00e5tg\u00e4rd kan utg\u00f6ra brott mot lokala v\u00e4rdepapperslagar eller best\u00e4mmelser i s\u00e5dan jurisdiktion, och utg\u00f6r inte ett erbjudande om f\u00f6rs\u00e4ljning, eller en uppmaning till ett erbjudande om att k\u00f6pa eller f\u00f6rv\u00e4rva stamaktier eller andra v\u00e4rdepapper, inklusive konvertibler i Bolaget, i Australien, Japan, Kanada, USA, Sydafrika eller n\u00e5gon annan jurisdiktion d\u00e4r s\u00e5dan \u00e5tg\u00e4rd kan utg\u00f6ra brott mot lokala v\u00e4rdepapperslagar eller best\u00e4mmelser i s\u00e5dan jurisdiktion.<\/p>\n<p>V\u00e4rdepapper i Bolaget som omn\u00e4mns p\u00e5 denna webbplats (&#8220;V\u00e4rdepapperen&#8221;) har inte registrerats och kommer inte att registreras enligt Securities Act fr\u00e5n 1933, s\u00e5som uppdaterad (&#8220;Securities Act&#8221;) och f\u00e5r inte erbjudas eller s\u00e4ljas i USA utan registrering eller utan till\u00e4mpning av ett undantag fr\u00e5n, eller genom en transaktion som inte omfattas av, registreringskraven i enlighet med Securities Act och i \u00f6verenst\u00e4mmelse med samtliga till\u00e4mpliga v\u00e4rdepapperslagar i varje delstat eller annan jurisdiktion i USA.<\/p>\n<p>V\u00e4rdepapperen har inte heller registrerats och kommer inte att registreras enligt till\u00e4mpliga v\u00e4rdepapperslagar i Australien, Japan, Kanada eller Sydafrika och f\u00e5r, med f\u00f6rbeh\u00e5ll f\u00f6r vissa undantag, inte erbjudas eller s\u00e4ljas i eller till Australien, Japan, Kanada eller Sydafrika eller f\u00f6r en persons r\u00e4kning eller till f\u00f6rm\u00e5n f\u00f6r en person som har sin hemvist, \u00e4r bosatt eller befinner sig i Australien, Japan, Kanada eller Sydafrika.<\/p>\n<p>\u00c5tkomst till information och dokument p\u00e5 f\u00f6ljande webbplatser kan vara olaglig i vissa jurisdiktioner, och endast vissa kategorier av personer kan till\u00e5tas \u00e5tkomst till denna information och dessa dokument. Samtliga personer bosatta utanf\u00f6r Sverige som \u00f6nskar \u00e5tkomst till dokumenten p\u00e5 denna webbplatsen m\u00e5ste f\u00f6rst f\u00f6rs\u00e4kra sig om att de inte \u00e4r f\u00f6rem\u00e5l f\u00f6r lokala lagar eller best\u00e4mmelser som f\u00f6rbjuder eller inskr\u00e4nker deras r\u00e4tt till \u00e5tkomst av denna webbplats, eller om deras f\u00f6rv\u00e4rv av v\u00e4rdepapper kr\u00e4ver registrering eller godk\u00e4nnande. S\u00e5dan registrering eller s\u00e5dant godk\u00e4nnande har inte inh\u00e4mtats utanf\u00f6r Sverige. Bolaget tar inget ansvar f\u00f6r n\u00e5gon persons brott mot till\u00e4mpliga lagar och best\u00e4mmelser.<\/p>\n<p>Jag intygar att jag har l\u00e4st, f\u00f6rst\u00e5tt och godk\u00e4nner att f\u00f6lja alla restriktioner som anges ovan och:<\/p>\n<ol>\n<li>Jag \u00e4r bosatt och befinner mig i ett annat land \u00e4n Australien, Japan, Kanada, USA och Sydafrika; och<\/li>\n<li>Jag \u00e4r bosatt och befinner mig (a) i Sverige, eller (b) utanf\u00f6r Sverige och varje jurisdiktion som omn\u00e4mns under punkten (1) ovan och, under s\u00e5dana omst\u00e4ndigheter, \u00e4r jag beh\u00f6rig att ta del av informationen och dokumenten p\u00e5 denna webbplats utan begr\u00e4nsning enligt lag och utan att ytterligare \u00e5tg\u00e4rder beh\u00f6ver vidtas av Bolaget.<\/li>\n<\/ol>\n  <div id=\"wrapper\">\n    <!-- The container where the content will end up -->\n    <div id=\"container\" class=\"content\"><\/div>\n  <\/div>\n<\/div>\n<script>\n        var country = document.getElementById(\"disclaimer-country\");\n        var btn1 = document.getElementById(\"mfn-submit-step-one\");\n        var error = document.getElementById(\"disclaimer-country-error\");\n        btn1.onclick = function() {\n          if(!country.value) {\n            error.style.display = 'block';\n            return;\n          };\n\n          if ([\"US\",\"AU\",\"CA\",\"HK\",\"JP\",\"NZ\",\"EEANQI\",\"UKNQIRP\"].filter(function (x) {return x === country.value}).length === 0) {\n            document.getElementById(\"disclaimer-step-one\").style.display = 'none';\n            document.getElementById(\"disclaimer-step-two\").style.display = 'block';\n          } else {\n            document.getElementById(\"disclaimer-step-one\").style.display = 'none';\n            document.getElementById(\"disclaimer-step-error\").style.display = 'block';\n          }\n        };\n\n        window._MFN = {\n            \/\/ The selector of the element where the content of the\n            \/\/ single news item should end up\n            outlet: '#container',\n\n            \/\/ The type of view\n            type: 'disclaimer',\n\n            \/\/ Default language of the news item shown\n            lang: \"en\",\n\n            \/\/ 'selected' uses locale from lang, other options are 'en', 'sv'\n            \/\/ and so on\n            l10nLang: 'selected',\n\n            single_view_url: \"ipo-on-first-north\",\n\n        }\n<\/script>[\/vc_column][\/vc_row]\n","protected":false},"excerpt":{"rendered":"<p>[vc_row type=&#8221;in_container&#8221; full_screen_row_position=&#8221;middle&#8221; column_margin=&#8221;default&#8221; column_direction=&#8221;default&#8221; column_direction_tablet=&#8221;default&#8221; column_direction_phone=&#8221;default&#8221; scene_position=&#8221;center&#8221; text_color=&#8221;dark&#8221; text_align=&#8221;left&#8221; row_border_radius=&#8221;none&#8221; row_border_radius_applies=&#8221;bg&#8221; overflow=&#8221;visible&#8221; overlay_strength=&#8221;0.3&#8243; gradient_direction=&#8221;left_to_right&#8221; shape_divider_position=&#8221;bottom&#8221; bg_image_animation=&#8221;none&#8221;][vc_column column_padding=&#8221;no-extra-padding&#8221; column_padding_tablet=&#8221;inherit&#8221; column_padding_phone=&#8221;inherit&#8221; column_padding_position=&#8221;all&#8221; column_element_direction_desktop=&#8221;default&#8221; column_element_spacing=&#8221;default&#8221; desktop_text_alignment=&#8221;default&#8221; tablet_text_alignment=&#8221;default&#8221; phone_text_alignment=&#8221;default&#8221; background_color_opacity=&#8221;1&#8243; background_hover_color_opacity=&#8221;1&#8243; column_backdrop_filter=&#8221;none&#8221; column_shadow=&#8221;none&#8221;&#8230;<\/p>\n","protected":false},"author":2,"featured_media":0,"parent":0,"menu_order":0,"comment_status":"closed","ping_status":"closed","template":"","meta":{"footnotes":""},"class_list":["post-1306","page","type-page","status-publish"],"yoast_head":"<!-- This site is optimized with the Yoast SEO plugin v27.0 - https:\/\/yoast.com\/product\/yoast-seo-wordpress\/ -->\n<title>IPO on First North - Cheffelo<\/title>\n<meta name=\"description\" content=\"Cheffelo is listed on Nasdaq First North and offers investment opportunities. Read more about our IPO, share performance and strategic growth objectives.\" \/>\n<meta name=\"robots\" content=\"index, follow, max-snippet:-1, max-image-preview:large, max-video-preview:-1\" \/>\n<link rel=\"canonical\" href=\"https:\/\/cheffelo.com\/en\/ipo-on-first-north\/\" \/>\n<meta property=\"og:locale\" content=\"en_US\" \/>\n<meta property=\"og:type\" content=\"article\" \/>\n<meta property=\"og:title\" content=\"IPO on First North - Cheffelo\" \/>\n<meta property=\"og:description\" content=\"Cheffelo is listed on Nasdaq First North and offers investment opportunities. Read more about our IPO, share performance and strategic growth objectives.\" \/>\n<meta property=\"og:url\" content=\"https:\/\/cheffelo.com\/en\/ipo-on-first-north\/\" \/>\n<meta property=\"og:site_name\" content=\"Cheffelo\" \/>\n<meta property=\"article:modified_time\" content=\"2025-10-01T14:11:10+00:00\" \/>\n<meta name=\"twitter:card\" content=\"summary_large_image\" \/>\n<meta name=\"twitter:label1\" content=\"Est. reading time\" \/>\n\t<meta name=\"twitter:data1\" content=\"4 minutes\" \/>\n<script type=\"application\/ld+json\" class=\"yoast-schema-graph\">{\"@context\":\"https:\/\/schema.org\",\"@graph\":[{\"@type\":\"WebPage\",\"@id\":\"https:\/\/cheffelo.com\/en\/ipo-on-first-north\/\",\"url\":\"https:\/\/cheffelo.com\/en\/ipo-on-first-north\/\",\"name\":\"IPO on First North - Cheffelo\",\"isPartOf\":{\"@id\":\"https:\/\/cheffelo.com\/en\/#website\"},\"datePublished\":\"2024-06-04T08:04:59+00:00\",\"dateModified\":\"2025-10-01T14:11:10+00:00\",\"description\":\"Cheffelo is listed on Nasdaq First North and offers investment opportunities. Read more about our IPO, share performance and strategic growth objectives.\",\"breadcrumb\":{\"@id\":\"https:\/\/cheffelo.com\/en\/ipo-on-first-north\/#breadcrumb\"},\"inLanguage\":\"en-US\",\"potentialAction\":[{\"@type\":\"ReadAction\",\"target\":[\"https:\/\/cheffelo.com\/en\/ipo-on-first-north\/\"]}]},{\"@type\":\"BreadcrumbList\",\"@id\":\"https:\/\/cheffelo.com\/en\/ipo-on-first-north\/#breadcrumb\",\"itemListElement\":[{\"@type\":\"ListItem\",\"position\":1,\"name\":\"Hem\",\"item\":\"https:\/\/cheffelo.com\/en\/home\/\"},{\"@type\":\"ListItem\",\"position\":2,\"name\":\"IPO on First North\"}]},{\"@type\":\"WebSite\",\"@id\":\"https:\/\/cheffelo.com\/en\/#website\",\"url\":\"https:\/\/cheffelo.com\/en\/\",\"name\":\"Cheffelo\",\"description\":\"Meals that unite families\",\"publisher\":{\"@id\":\"https:\/\/cheffelo.com\/en\/#organization\"},\"potentialAction\":[{\"@type\":\"SearchAction\",\"target\":{\"@type\":\"EntryPoint\",\"urlTemplate\":\"https:\/\/cheffelo.com\/en\/?s={search_term_string}\"},\"query-input\":{\"@type\":\"PropertyValueSpecification\",\"valueRequired\":true,\"valueName\":\"search_term_string\"}}],\"inLanguage\":\"en-US\"},{\"@type\":\"Organization\",\"@id\":\"https:\/\/cheffelo.com\/en\/#organization\",\"name\":\"Cheffelo\",\"url\":\"https:\/\/cheffelo.com\/en\/\",\"logo\":{\"@type\":\"ImageObject\",\"inLanguage\":\"en-US\",\"@id\":\"https:\/\/cheffelo.com\/en\/#\/schema\/logo\/image\/\",\"url\":\"https:\/\/cheffelo.com\/wp-content\/uploads\/2024\/06\/cheffelo-logo-happyred-srgb.png\",\"contentUrl\":\"https:\/\/cheffelo.com\/wp-content\/uploads\/2024\/06\/cheffelo-logo-happyred-srgb.png\",\"width\":2901,\"height\":438,\"caption\":\"Cheffelo\"},\"image\":{\"@id\":\"https:\/\/cheffelo.com\/en\/#\/schema\/logo\/image\/\"},\"sameAs\":[\"http:\/\/linkedin.com\/company\/cheffelo\"]}]}<\/script>\n<!-- \/ Yoast SEO plugin. -->","yoast_head_json":{"title":"IPO on First North - Cheffelo","description":"Cheffelo is listed on Nasdaq First North and offers investment opportunities. Read more about our IPO, share performance and strategic growth objectives.","robots":{"index":"index","follow":"follow","max-snippet":"max-snippet:-1","max-image-preview":"max-image-preview:large","max-video-preview":"max-video-preview:-1"},"canonical":"https:\/\/cheffelo.com\/en\/ipo-on-first-north\/","og_locale":"en_US","og_type":"article","og_title":"IPO on First North - Cheffelo","og_description":"Cheffelo is listed on Nasdaq First North and offers investment opportunities. Read more about our IPO, share performance and strategic growth objectives.","og_url":"https:\/\/cheffelo.com\/en\/ipo-on-first-north\/","og_site_name":"Cheffelo","article_modified_time":"2025-10-01T14:11:10+00:00","twitter_card":"summary_large_image","twitter_misc":{"Est. reading time":"4 minutes"},"schema":{"@context":"https:\/\/schema.org","@graph":[{"@type":"WebPage","@id":"https:\/\/cheffelo.com\/en\/ipo-on-first-north\/","url":"https:\/\/cheffelo.com\/en\/ipo-on-first-north\/","name":"IPO on First North - Cheffelo","isPartOf":{"@id":"https:\/\/cheffelo.com\/en\/#website"},"datePublished":"2024-06-04T08:04:59+00:00","dateModified":"2025-10-01T14:11:10+00:00","description":"Cheffelo is listed on Nasdaq First North and offers investment opportunities. Read more about our IPO, share performance and strategic growth objectives.","breadcrumb":{"@id":"https:\/\/cheffelo.com\/en\/ipo-on-first-north\/#breadcrumb"},"inLanguage":"en-US","potentialAction":[{"@type":"ReadAction","target":["https:\/\/cheffelo.com\/en\/ipo-on-first-north\/"]}]},{"@type":"BreadcrumbList","@id":"https:\/\/cheffelo.com\/en\/ipo-on-first-north\/#breadcrumb","itemListElement":[{"@type":"ListItem","position":1,"name":"Hem","item":"https:\/\/cheffelo.com\/en\/home\/"},{"@type":"ListItem","position":2,"name":"IPO on First North"}]},{"@type":"WebSite","@id":"https:\/\/cheffelo.com\/en\/#website","url":"https:\/\/cheffelo.com\/en\/","name":"Cheffelo","description":"Meals that unite families","publisher":{"@id":"https:\/\/cheffelo.com\/en\/#organization"},"potentialAction":[{"@type":"SearchAction","target":{"@type":"EntryPoint","urlTemplate":"https:\/\/cheffelo.com\/en\/?s={search_term_string}"},"query-input":{"@type":"PropertyValueSpecification","valueRequired":true,"valueName":"search_term_string"}}],"inLanguage":"en-US"},{"@type":"Organization","@id":"https:\/\/cheffelo.com\/en\/#organization","name":"Cheffelo","url":"https:\/\/cheffelo.com\/en\/","logo":{"@type":"ImageObject","inLanguage":"en-US","@id":"https:\/\/cheffelo.com\/en\/#\/schema\/logo\/image\/","url":"https:\/\/cheffelo.com\/wp-content\/uploads\/2024\/06\/cheffelo-logo-happyred-srgb.png","contentUrl":"https:\/\/cheffelo.com\/wp-content\/uploads\/2024\/06\/cheffelo-logo-happyred-srgb.png","width":2901,"height":438,"caption":"Cheffelo"},"image":{"@id":"https:\/\/cheffelo.com\/en\/#\/schema\/logo\/image\/"},"sameAs":["http:\/\/linkedin.com\/company\/cheffelo"]}]}},"_links":{"self":[{"href":"https:\/\/cheffelo.com\/en\/wp-json\/wp\/v2\/pages\/1306","targetHints":{"allow":["GET"]}}],"collection":[{"href":"https:\/\/cheffelo.com\/en\/wp-json\/wp\/v2\/pages"}],"about":[{"href":"https:\/\/cheffelo.com\/en\/wp-json\/wp\/v2\/types\/page"}],"author":[{"embeddable":true,"href":"https:\/\/cheffelo.com\/en\/wp-json\/wp\/v2\/users\/2"}],"replies":[{"embeddable":true,"href":"https:\/\/cheffelo.com\/en\/wp-json\/wp\/v2\/comments?post=1306"}],"version-history":[{"count":23,"href":"https:\/\/cheffelo.com\/en\/wp-json\/wp\/v2\/pages\/1306\/revisions"}],"predecessor-version":[{"id":2891,"href":"https:\/\/cheffelo.com\/en\/wp-json\/wp\/v2\/pages\/1306\/revisions\/2891"}],"wp:attachment":[{"href":"https:\/\/cheffelo.com\/en\/wp-json\/wp\/v2\/media?parent=1306"}],"curies":[{"name":"wp","href":"https:\/\/api.w.org\/{rel}","templated":true}]}}