{"id":1403,"date":"2024-07-24T10:04:21","date_gmt":"2024-07-24T10:04:21","guid":{"rendered":"https:\/\/cheffelo.com\/trading-update-for-q2-2022\/"},"modified":"2024-10-03T12:38:53","modified_gmt":"2024-10-03T12:38:53","slug":"trading-update-for-q2-2022","status":"publish","type":"page","link":"https:\/\/cheffelo.com\/en\/trading-update-for-q2-2022\/","title":{"rendered":"Trading Update for Q2 2022"},"content":{"rendered":"[vc_row type=&#8221;in_container&#8221; full_screen_row_position=&#8221;middle&#8221; column_margin=&#8221;default&#8221; column_direction=&#8221;default&#8221; column_direction_tablet=&#8221;default&#8221; column_direction_phone=&#8221;default&#8221; scene_position=&#8221;center&#8221; text_color=&#8221;dark&#8221; text_align=&#8221;left&#8221; row_border_radius=&#8221;none&#8221; row_border_radius_applies=&#8221;bg&#8221; overflow=&#8221;visible&#8221; overlay_strength=&#8221;0.3&#8243; gradient_direction=&#8221;left_to_right&#8221; shape_divider_position=&#8221;bottom&#8221; bg_image_animation=&#8221;none&#8221;][vc_column column_padding=&#8221;no-extra-padding&#8221; column_padding_tablet=&#8221;inherit&#8221; column_padding_phone=&#8221;inherit&#8221; column_padding_position=&#8221;all&#8221; column_element_direction_desktop=&#8221;default&#8221; column_element_spacing=&#8221;default&#8221; desktop_text_alignment=&#8221;default&#8221; tablet_text_alignment=&#8221;default&#8221; phone_text_alignment=&#8221;default&#8221; background_color_opacity=&#8221;1&#8243; background_hover_color_opacity=&#8221;1&#8243; column_backdrop_filter=&#8221;none&#8221; column_shadow=&#8221;none&#8221; column_border_radius=&#8221;none&#8221; column_link_target=&#8221;_self&#8221; column_position=&#8221;default&#8221; gradient_direction=&#8221;left_to_right&#8221; overlay_strength=&#8221;0.3&#8243; width=&#8221;1\/1&#8243; tablet_width_inherit=&#8221;default&#8221; animation_type=&#8221;default&#8221; bg_image_animation=&#8221;none&#8221; border_type=&#8221;simple&#8221; column_border_width=&#8221;none&#8221; column_border_style=&#8221;solid&#8221;][vc_column_text]LMK Group publishes trading update July 6, 2022 07:45:00 <strong>Regulatory <\/strong>LMK Group, the largest Scandinavian supplier of grocery bags and a leading player in Scandinavian foodtech, will, starting today, publish quarterly trading updates that precede the group&#8217;s quarterly reports. This is to provide ongoing information to the market. Below is the trading update for the second quarter of 2022. Full results for the period will be published on August 23, 2022. Net sales for Q2 2022 amounted to SEK 267.6 million (381.0 Q2 2021) Active customers (number, thousand) for the period were 79, 8 (118.5 Q2 2021) In connection with the publication of the results for the second quarter on August 23, LMK Group will invite investors, analysts and media to a conference call with the possibility of QA on the same day at 09:00 (CET). For further information, contact: Peter Bodor, Head of Corporate Communications, LMK Group Mob: +46 706 48 70 65 Email: <a href=\"mailto:peter.bodor@linasmatkasse.se\">peter.bodor@linasmatkasse.se<\/a> Walker Kinman, CEO, LMK Group Mob: +46 707 22 65 13 E-mail: <a href=\"mailto:walker.kinman@linasmatkasse.se\">walker.kinman@linasmatkasse.se<\/a> Erik Bergman, CFO, LMK Group Mob: +46 707 74 49 73 E-mail: <a href=\"mailto:erik.bergman@linasmatkasse.se\">erik.bergman@linasmatkasse.se<\/a> About LMK Group LMK Group was founded in 2008 with the vision to simplify everyday life through to offer a wide variety of inspiring meals delivered directly to the customer&#8217;s front door.       Today, the group is the largest supplier of meal kits in the Nordics and a leader in Scandinavian foodtech. The group has operations in Sweden, Norway and Denmark and operates under the brands Linas Matkasse, Godtlevert, Adams Matkasse and RetNemt. In 2021, LMK Group had a turnover of SEK 1,387.3 million and delivered approximately 23.2 million meals to its customers. LMK Group is listed on the Nasdaq First North Premier Growth Market.<br \/> Certified Adviser \u00e4r FNCA Sweden AB, info@fnca.se, +46 (0) 8528 00 399. This information is information that LMK Group AB is obliged to make public according to the EU&#8217;s market abuse regulation. Informationen l\u00e4mnades, genom ovanst\u00e5ende kontaktpersons f\u00f6rsorg, f\u00f6r offentligg\u00f6rande den 2022-07-06 07:45 CEST.[\/vc_column_text][\/vc_column][\/vc_row]\n","protected":false},"excerpt":{"rendered":"<p>[vc_row type=&#8221;in_container&#8221; full_screen_row_position=&#8221;middle&#8221; column_margin=&#8221;default&#8221; column_direction=&#8221;default&#8221; column_direction_tablet=&#8221;default&#8221; column_direction_phone=&#8221;default&#8221; scene_position=&#8221;center&#8221; text_color=&#8221;dark&#8221; text_align=&#8221;left&#8221; row_border_radius=&#8221;none&#8221; row_border_radius_applies=&#8221;bg&#8221; overflow=&#8221;visible&#8221; overlay_strength=&#8221;0.3&#8243; gradient_direction=&#8221;left_to_right&#8221; shape_divider_position=&#8221;bottom&#8221; bg_image_animation=&#8221;none&#8221;][vc_column column_padding=&#8221;no-extra-padding&#8221; column_padding_tablet=&#8221;inherit&#8221; column_padding_phone=&#8221;inherit&#8221; column_padding_position=&#8221;all&#8221; column_element_direction_desktop=&#8221;default&#8221; column_element_spacing=&#8221;default&#8221; desktop_text_alignment=&#8221;default&#8221; tablet_text_alignment=&#8221;default&#8221; phone_text_alignment=&#8221;default&#8221; background_color_opacity=&#8221;1&#8243; background_hover_color_opacity=&#8221;1&#8243; column_backdrop_filter=&#8221;none&#8221; column_shadow=&#8221;none&#8221;&#8230;<\/p>\n","protected":false},"author":2,"featured_media":0,"parent":0,"menu_order":0,"comment_status":"closed","ping_status":"closed","template":"","meta":{"footnotes":""},"class_list":["post-1403","page","type-page","status-publish"],"yoast_head":"<!-- This site is optimized with the Yoast SEO plugin v27.0 - https:\/\/yoast.com\/product\/yoast-seo-wordpress\/ -->\n<title>Trading Update for Q2 2022 - Cheffelo<\/title>\n<meta name=\"robots\" content=\"index, follow, max-snippet:-1, max-image-preview:large, max-video-preview:-1\" \/>\n<link rel=\"canonical\" href=\"https:\/\/cheffelo.com\/en\/trading-update-for-q2-2022\/\" \/>\n<meta property=\"og:locale\" content=\"en_US\" \/>\n<meta property=\"og:type\" content=\"article\" \/>\n<meta property=\"og:title\" content=\"Trading Update for Q2 2022 - Cheffelo\" \/>\n<meta property=\"og:description\" content=\"[vc_row type=&#8221;in_container&#8221; full_screen_row_position=&#8221;middle&#8221; column_margin=&#8221;default&#8221; column_direction=&#8221;default&#8221; column_direction_tablet=&#8221;default&#8221; column_direction_phone=&#8221;default&#8221; scene_position=&#8221;center&#8221; text_color=&#8221;dark&#8221; text_align=&#8221;left&#8221; row_border_radius=&#8221;none&#8221; row_border_radius_applies=&#8221;bg&#8221; overflow=&#8221;visible&#8221; overlay_strength=&#8221;0.3&#8243; gradient_direction=&#8221;left_to_right&#8221; shape_divider_position=&#8221;bottom&#8221; bg_image_animation=&#8221;none&#8221;][vc_column column_padding=&#8221;no-extra-padding&#8221; column_padding_tablet=&#8221;inherit&#8221; column_padding_phone=&#8221;inherit&#8221; column_padding_position=&#8221;all&#8221; column_element_direction_desktop=&#8221;default&#8221; column_element_spacing=&#8221;default&#8221; desktop_text_alignment=&#8221;default&#8221; tablet_text_alignment=&#8221;default&#8221; phone_text_alignment=&#8221;default&#8221; background_color_opacity=&#8221;1&#8243; background_hover_color_opacity=&#8221;1&#8243; column_backdrop_filter=&#8221;none&#8221; column_shadow=&#8221;none&#8221;...\" \/>\n<meta property=\"og:url\" content=\"https:\/\/cheffelo.com\/en\/trading-update-for-q2-2022\/\" \/>\n<meta property=\"og:site_name\" content=\"Cheffelo\" \/>\n<meta property=\"article:modified_time\" content=\"2024-10-03T12:38:53+00:00\" \/>\n<meta name=\"twitter:card\" content=\"summary_large_image\" \/>\n<meta name=\"twitter:label1\" content=\"Est. reading time\" \/>\n\t<meta name=\"twitter:data1\" content=\"2 minutes\" \/>\n<script type=\"application\/ld+json\" class=\"yoast-schema-graph\">{\"@context\":\"https:\/\/schema.org\",\"@graph\":[{\"@type\":\"WebPage\",\"@id\":\"https:\/\/cheffelo.com\/en\/trading-update-for-q2-2022\/\",\"url\":\"https:\/\/cheffelo.com\/en\/trading-update-for-q2-2022\/\",\"name\":\"Trading Update for Q2 2022 - Cheffelo\",\"isPartOf\":{\"@id\":\"https:\/\/cheffelo.com\/en\/#website\"},\"datePublished\":\"2024-07-24T10:04:21+00:00\",\"dateModified\":\"2024-10-03T12:38:53+00:00\",\"breadcrumb\":{\"@id\":\"https:\/\/cheffelo.com\/en\/trading-update-for-q2-2022\/#breadcrumb\"},\"inLanguage\":\"en-US\",\"potentialAction\":[{\"@type\":\"ReadAction\",\"target\":[\"https:\/\/cheffelo.com\/en\/trading-update-for-q2-2022\/\"]}]},{\"@type\":\"BreadcrumbList\",\"@id\":\"https:\/\/cheffelo.com\/en\/trading-update-for-q2-2022\/#breadcrumb\",\"itemListElement\":[{\"@type\":\"ListItem\",\"position\":1,\"name\":\"Hem\",\"item\":\"https:\/\/cheffelo.com\/en\/home\/\"},{\"@type\":\"ListItem\",\"position\":2,\"name\":\"Trading Update for Q2 2022\"}]},{\"@type\":\"WebSite\",\"@id\":\"https:\/\/cheffelo.com\/en\/#website\",\"url\":\"https:\/\/cheffelo.com\/en\/\",\"name\":\"Cheffelo\",\"description\":\"Meals that unite families\",\"publisher\":{\"@id\":\"https:\/\/cheffelo.com\/en\/#organization\"},\"potentialAction\":[{\"@type\":\"SearchAction\",\"target\":{\"@type\":\"EntryPoint\",\"urlTemplate\":\"https:\/\/cheffelo.com\/en\/?s={search_term_string}\"},\"query-input\":{\"@type\":\"PropertyValueSpecification\",\"valueRequired\":true,\"valueName\":\"search_term_string\"}}],\"inLanguage\":\"en-US\"},{\"@type\":\"Organization\",\"@id\":\"https:\/\/cheffelo.com\/en\/#organization\",\"name\":\"Cheffelo\",\"url\":\"https:\/\/cheffelo.com\/en\/\",\"logo\":{\"@type\":\"ImageObject\",\"inLanguage\":\"en-US\",\"@id\":\"https:\/\/cheffelo.com\/en\/#\/schema\/logo\/image\/\",\"url\":\"https:\/\/cheffelo.com\/wp-content\/uploads\/2024\/06\/cheffelo-logo-happyred-srgb.png\",\"contentUrl\":\"https:\/\/cheffelo.com\/wp-content\/uploads\/2024\/06\/cheffelo-logo-happyred-srgb.png\",\"width\":2901,\"height\":438,\"caption\":\"Cheffelo\"},\"image\":{\"@id\":\"https:\/\/cheffelo.com\/en\/#\/schema\/logo\/image\/\"},\"sameAs\":[\"http:\/\/linkedin.com\/company\/cheffelo\"]}]}<\/script>\n<!-- \/ Yoast SEO plugin. -->","yoast_head_json":{"title":"Trading Update for Q2 2022 - Cheffelo","robots":{"index":"index","follow":"follow","max-snippet":"max-snippet:-1","max-image-preview":"max-image-preview:large","max-video-preview":"max-video-preview:-1"},"canonical":"https:\/\/cheffelo.com\/en\/trading-update-for-q2-2022\/","og_locale":"en_US","og_type":"article","og_title":"Trading Update for Q2 2022 - Cheffelo","og_description":"[vc_row type=&#8221;in_container&#8221; full_screen_row_position=&#8221;middle&#8221; column_margin=&#8221;default&#8221; column_direction=&#8221;default&#8221; column_direction_tablet=&#8221;default&#8221; column_direction_phone=&#8221;default&#8221; scene_position=&#8221;center&#8221; text_color=&#8221;dark&#8221; text_align=&#8221;left&#8221; row_border_radius=&#8221;none&#8221; row_border_radius_applies=&#8221;bg&#8221; overflow=&#8221;visible&#8221; overlay_strength=&#8221;0.3&#8243; gradient_direction=&#8221;left_to_right&#8221; shape_divider_position=&#8221;bottom&#8221; bg_image_animation=&#8221;none&#8221;][vc_column column_padding=&#8221;no-extra-padding&#8221; column_padding_tablet=&#8221;inherit&#8221; column_padding_phone=&#8221;inherit&#8221; column_padding_position=&#8221;all&#8221; column_element_direction_desktop=&#8221;default&#8221; column_element_spacing=&#8221;default&#8221; desktop_text_alignment=&#8221;default&#8221; tablet_text_alignment=&#8221;default&#8221; phone_text_alignment=&#8221;default&#8221; background_color_opacity=&#8221;1&#8243; background_hover_color_opacity=&#8221;1&#8243; column_backdrop_filter=&#8221;none&#8221; column_shadow=&#8221;none&#8221;...","og_url":"https:\/\/cheffelo.com\/en\/trading-update-for-q2-2022\/","og_site_name":"Cheffelo","article_modified_time":"2024-10-03T12:38:53+00:00","twitter_card":"summary_large_image","twitter_misc":{"Est. reading time":"2 minutes"},"schema":{"@context":"https:\/\/schema.org","@graph":[{"@type":"WebPage","@id":"https:\/\/cheffelo.com\/en\/trading-update-for-q2-2022\/","url":"https:\/\/cheffelo.com\/en\/trading-update-for-q2-2022\/","name":"Trading Update for Q2 2022 - Cheffelo","isPartOf":{"@id":"https:\/\/cheffelo.com\/en\/#website"},"datePublished":"2024-07-24T10:04:21+00:00","dateModified":"2024-10-03T12:38:53+00:00","breadcrumb":{"@id":"https:\/\/cheffelo.com\/en\/trading-update-for-q2-2022\/#breadcrumb"},"inLanguage":"en-US","potentialAction":[{"@type":"ReadAction","target":["https:\/\/cheffelo.com\/en\/trading-update-for-q2-2022\/"]}]},{"@type":"BreadcrumbList","@id":"https:\/\/cheffelo.com\/en\/trading-update-for-q2-2022\/#breadcrumb","itemListElement":[{"@type":"ListItem","position":1,"name":"Hem","item":"https:\/\/cheffelo.com\/en\/home\/"},{"@type":"ListItem","position":2,"name":"Trading Update for Q2 2022"}]},{"@type":"WebSite","@id":"https:\/\/cheffelo.com\/en\/#website","url":"https:\/\/cheffelo.com\/en\/","name":"Cheffelo","description":"Meals that unite families","publisher":{"@id":"https:\/\/cheffelo.com\/en\/#organization"},"potentialAction":[{"@type":"SearchAction","target":{"@type":"EntryPoint","urlTemplate":"https:\/\/cheffelo.com\/en\/?s={search_term_string}"},"query-input":{"@type":"PropertyValueSpecification","valueRequired":true,"valueName":"search_term_string"}}],"inLanguage":"en-US"},{"@type":"Organization","@id":"https:\/\/cheffelo.com\/en\/#organization","name":"Cheffelo","url":"https:\/\/cheffelo.com\/en\/","logo":{"@type":"ImageObject","inLanguage":"en-US","@id":"https:\/\/cheffelo.com\/en\/#\/schema\/logo\/image\/","url":"https:\/\/cheffelo.com\/wp-content\/uploads\/2024\/06\/cheffelo-logo-happyred-srgb.png","contentUrl":"https:\/\/cheffelo.com\/wp-content\/uploads\/2024\/06\/cheffelo-logo-happyred-srgb.png","width":2901,"height":438,"caption":"Cheffelo"},"image":{"@id":"https:\/\/cheffelo.com\/en\/#\/schema\/logo\/image\/"},"sameAs":["http:\/\/linkedin.com\/company\/cheffelo"]}]}},"_links":{"self":[{"href":"https:\/\/cheffelo.com\/en\/wp-json\/wp\/v2\/pages\/1403","targetHints":{"allow":["GET"]}}],"collection":[{"href":"https:\/\/cheffelo.com\/en\/wp-json\/wp\/v2\/pages"}],"about":[{"href":"https:\/\/cheffelo.com\/en\/wp-json\/wp\/v2\/types\/page"}],"author":[{"embeddable":true,"href":"https:\/\/cheffelo.com\/en\/wp-json\/wp\/v2\/users\/2"}],"replies":[{"embeddable":true,"href":"https:\/\/cheffelo.com\/en\/wp-json\/wp\/v2\/comments?post=1403"}],"version-history":[{"count":4,"href":"https:\/\/cheffelo.com\/en\/wp-json\/wp\/v2\/pages\/1403\/revisions"}],"predecessor-version":[{"id":1687,"href":"https:\/\/cheffelo.com\/en\/wp-json\/wp\/v2\/pages\/1403\/revisions\/1687"}],"wp:attachment":[{"href":"https:\/\/cheffelo.com\/en\/wp-json\/wp\/v2\/media?parent=1403"}],"curies":[{"name":"wp","href":"https:\/\/api.w.org\/{rel}","templated":true}]}}